{"id":2,"date":"2021-06-09T15:10:30","date_gmt":"2021-06-09T15:10:30","guid":{"rendered":"https:\/\/naturpes.com\/blog\/?page_id=2"},"modified":"2021-06-10T10:25:39","modified_gmt":"2021-06-10T10:25:39","slug":"pagina-ejemplo","status":"publish","type":"page","link":"https:\/\/naturpes.com\/blog\/","title":{"rendered":""},"content":{"rendered":"\n<p>Bienvenido al blog de la herborister\u00eda \u201cnaturpes\u201d, desde el 2011 que abrimos al p\u00fablico, hemos querido ser un herbolario de referencia, <strong>aconsejando los mejores productos del mercado a un precio lo m\u00e1s rebajado posible<\/strong> porque somos conscientes de que los productos naturales deber\u00edan de estar al alcance de todos los bolsillos<\/p>\n\n\n\n<h2 class=\"wp-block-heading\">Secci\u00f3n de los productos naturales de herbolario<\/h2>\n\n\n\n<div class=\"wp-block-image\"><figure class=\"aligncenter size-large\"><img decoding=\"async\" width=\"980\" height=\"150\" loading=\"lazy\" src=\"https:\/\/naturpes.com\/blog\/wp-content\/uploads\/2021\/06\/seccion-productos-1.png\" alt=\"productos naturales de herbolario\" class=\"wp-image-80\" srcset=\"https:\/\/naturpes.com\/blog\/wp-content\/uploads\/2021\/06\/seccion-productos-1.png 980w, https:\/\/naturpes.com\/blog\/wp-content\/uploads\/2021\/06\/seccion-productos-1-300x46.png 300w, https:\/\/naturpes.com\/blog\/wp-content\/uploads\/2021\/06\/seccion-productos-1-768x118.png 768w\" sizes=\"auto, (max-width: 980px) 100vw, 980px\" \/><\/figure><\/div>\n\n\n\n<p>Queremos ofrecerte todos los datos posibles de los mejores <strong>complementos naturales para fortalecer tu salud<\/strong>, por ello ofrecemos en nuestro blog una secci\u00f3n donde hablaremos de todos los productos m\u00e1s importantes del mercado, su misi\u00f3n como tomarlo que contraindicaciones puede tener y hasta recopilaremos los comentarios de la gente que ha tomado dicho complemento, todo ello, para que puedas tener a tu alcance la mayor informaci\u00f3n posible.<\/p>\n\n\n\n<h2 class=\"wp-block-heading\">Secci\u00f3n de dolencias y como puedes corregirlas con productos naturales<\/h2>\n\n\n\n<div class=\"wp-block-image\"><figure class=\"aligncenter size-large\"><img decoding=\"async\" width=\"980\" height=\"150\" loading=\"lazy\" src=\"https:\/\/naturpes.com\/blog\/wp-content\/uploads\/2021\/06\/seccion-anomalias.png\" alt=\"dolencias y sus tratamientos naturales\" class=\"wp-image-82\" srcset=\"https:\/\/naturpes.com\/blog\/wp-content\/uploads\/2021\/06\/seccion-anomalias.png 980w, https:\/\/naturpes.com\/blog\/wp-content\/uploads\/2021\/06\/seccion-anomalias-300x46.png 300w, https:\/\/naturpes.com\/blog\/wp-content\/uploads\/2021\/06\/seccion-anomalias-768x118.png 768w\" sizes=\"auto, (max-width: 980px) 100vw, 980px\" \/><\/figure><\/div>\n\n\n\n<p>Tambi\u00e9n queremos hablar de todos aquellas dolencias que puedes tener, <strong>sobre todo como poder reducirla o eliminarla con productos naturales<\/strong>, para que ninguna otra parte de tu organismo se vea afectada por ello, de todos es conocido que la medicina natural no es invasiva y por lo tanto rectificar una afecci\u00f3n no representa que otra parte de tu organismo se vea perjudicada.<\/p>\n\n\n\n<p>En la ficha de cada anomal\u00eda, encontraras que productos son los m\u00e1s aconsejados, como se tienen que tomar y hasta incluso detalle de gente que ha podido reducir dicha anomal\u00eda con productos naturales.<\/p>\n\n\n\n<h2 class=\"wp-block-heading\">Secci\u00f3n del blog de naturpes<\/h2>\n\n\n\n<figure class=\"wp-block-image size-large\"><img decoding=\"async\" width=\"980\" height=\"150\" loading=\"lazy\" src=\"https:\/\/naturpes.com\/blog\/wp-content\/uploads\/2021\/06\/seccion-blog.png\" alt=\"blog de la herboristeria naturpes\" class=\"wp-image-87\" srcset=\"https:\/\/naturpes.com\/blog\/wp-content\/uploads\/2021\/06\/seccion-blog.png 980w, https:\/\/naturpes.com\/blog\/wp-content\/uploads\/2021\/06\/seccion-blog-300x46.png 300w, https:\/\/naturpes.com\/blog\/wp-content\/uploads\/2021\/06\/seccion-blog-768x118.png 768w\" sizes=\"auto, (max-width: 980px) 100vw, 980px\" \/><\/figure>\n\n\n\n<p>En dicha secci\u00f3n iremos publicando art\u00edculos que veamos interesantes para <strong>que tu experiencia con los productos naturales vaya siendo cada vez m\u00e1s grande<\/strong> y por lo tanto sepas como tomar complementos alimenticios para aumentar tus defensas, mejorar tus digestiones, fortalecer tu organismo, etc.<\/p>\n\n\n\n<p>Tambi\u00e9n hablaremos sobre recetas para una alimentaci\u00f3n m\u00e1s sana y muchas otras cosas que esperamos sean de vuestro inter\u00e9s.<\/p>\n\n\n\n<p>Recuerda que <strong>mantener una vida sana es la base de que lleguemos a nuestra vejez con una mayor calidad de vida<\/strong> y por lo tanto poder disfrutar de nuestra jubilaci\u00f3n con todas las garant\u00edas posibles, una mayor memoria una mayor agilidad y sobre todo una mayor independencia, ya que no hay nada mejor que ir envejeciendo pero f\u00edsica y mentalmente mantenernos bien para ser autosuficientes en nuestro d\u00eda a d\u00eda y sobre todo disfrutar 100% de la vida que nos han ofrecido.<\/p>\n","protected":false},"excerpt":{"rendered":"<p>Bienvenido al blog de la herborister\u00eda \u201cnaturpes\u201d, desde el 2011 que abrimos&hellip;<\/p>\n","protected":false},"author":1,"featured_media":77,"parent":0,"menu_order":0,"comment_status":"closed","ping_status":"open","template":"","meta":{"footnotes":""},"class_list":["post-2","page","type-page","status-publish","has-post-thumbnail","hentry"],"_links":{"self":[{"href":"https:\/\/naturpes.com\/blog\/wp-json\/wp\/v2\/pages\/2","targetHints":{"allow":["GET"]}}],"collection":[{"href":"https:\/\/naturpes.com\/blog\/wp-json\/wp\/v2\/pages"}],"about":[{"href":"https:\/\/naturpes.com\/blog\/wp-json\/wp\/v2\/types\/page"}],"author":[{"embeddable":true,"href":"https:\/\/naturpes.com\/blog\/wp-json\/wp\/v2\/users\/1"}],"replies":[{"embeddable":true,"href":"https:\/\/naturpes.com\/blog\/wp-json\/wp\/v2\/comments?post=2"}],"version-history":[{"count":8,"href":"https:\/\/naturpes.com\/blog\/wp-json\/wp\/v2\/pages\/2\/revisions"}],"predecessor-version":[{"id":90,"href":"https:\/\/naturpes.com\/blog\/wp-json\/wp\/v2\/pages\/2\/revisions\/90"}],"wp:featuredmedia":[{"embeddable":true,"href":"https:\/\/naturpes.com\/blog\/wp-json\/wp\/v2\/media\/77"}],"wp:attachment":[{"href":"https:\/\/naturpes.com\/blog\/wp-json\/wp\/v2\/media?parent=2"}],"curies":[{"name":"wp","href":"https:\/\/api.w.org\/{rel}","templated":true}]}}