{"id":167,"date":"2021-06-14T09:30:30","date_gmt":"2021-06-14T09:30:30","guid":{"rendered":"https:\/\/naturpes.com\/blog\/?page_id=167"},"modified":"2021-06-14T09:30:30","modified_gmt":"2021-06-14T09:30:30","slug":"politica-de-cookies","status":"publish","type":"page","link":"https:\/\/naturpes.com\/blog\/politica-de-cookies\/","title":{"rendered":"Pol\u00edtica de Cookies"},"content":{"rendered":"\n<p><strong>Definici\u00f3n y funci\u00f3n de las cookies<\/strong>&nbsp;Una cookie es un fichero que se descarga en el dispositivo del Usuario cuando accede a una p\u00e1gina web. La pol\u00edtica de cookies y las cookies permiten a una web, &nbsp;almacenar y recuperar informaci\u00f3n sobre los h\u00e1bitos de navegaci\u00f3n de un Usuario concreto o de su equipo que pueden utilizarse para reconocer al usuario en el futuro o su actividad actual.<\/p>\n\n\n\n<p><strong>Utilizaci\u00f3n de Cookies<\/strong><\/p>\n\n\n\n<p>Las p\u00e1ginas de la web de prestashopen.com utilizan \u201ccookies\u201d, y m\u00e1s mecanismos an\u00e1logos (de ahora en adelante, cookies) para mejorar y facilitar la navegaci\u00f3n del usuario. Las cookies se atribuyen a un usuario y a un elemento que se conservar\u00e1n an\u00f3nimos y no proporcionan ninguna referencia que permita desvelar datos personales del mismo. El usuario tiene acceso a configurar su navegador habitual para que avise y pueda rechazar la instalaci\u00f3n de cookies de las webs que este visite. As\u00ed el usuario puede entrar a los contenidos de las webs, pero afectar\u00eda a la calidad de funcionamiento de la web. Los usuarios que se registren o que hayan iniciado una sesi\u00f3n, podr\u00e1n tener acceso m\u00e1s personalizado orientado a su perfil, por la conexi\u00f3n de los datos adquiridos en las cookies y los datos de su registro. Los Usuarios autorizan el uso de esta informaci\u00f3n con el fin indicado, pero con el derecho a rechazarlo cuando ellos quieran. Prestashopen.com utiliza las siguientes cookies:<\/p>\n\n\n\n<ul class=\"wp-block-list\"><li><strong>Cookies de sesi\u00f3n:<\/strong>&nbsp;cookies temporales que est\u00e1n en archivo de cookies del navegador hasta que cierre la p\u00e1gina web, por lo que ninguna permanecer\u00e1 en el dispositivo del Usuario. La informaci\u00f3n adquirida por estas cookies, es para analizar los baremos de&nbsp;tr\u00e1fico en la web.<\/li><li><strong>Cookies permanentes:<\/strong>&nbsp;se almacenan en el dispositivo y son le\u00eddas cada vez que se realiza una visita nueva. Las cookies permanentes van con fecha de caducidad establecida y se desactivar\u00e1n a partir de dicha fecha. Son utilizadas sobre todo para agilizar las compras y registros.<\/li><li><strong>Cookies de rendimiento:<\/strong>&nbsp;son las encargadas de recordar las preferencias del Usuario para las herramientas que est\u00e1n en los Servicios de la Web para no volver a configurarlo cada vez. Incluyen:<ul><li>Ajuste de volumen de los reproductores de v\u00eddeo y sonido.<\/li><li>La velocidad de v\u00eddeo para que sea compatible con el navegador utilizado.<\/li><li>Los productos seleccionados en los \u201ccarritos de la compra\u201d en las tiendas online.<\/li><\/ul><\/li><li><strong>Cookies de geo-localizaci\u00f3n:<\/strong>&nbsp;localizan en qu\u00e9 pa\u00eds te encuentras al hacer una solicitud. Es una cookie an\u00f3nima que s\u00f3lo ayuda a ubicar el contenido.<\/li><li><strong>Cookies de registro:<\/strong>&nbsp;se generan cuando un usuario se registra o abre sesi\u00f3n y se utilizan para identificarle. Sus objetivos:<ul><li>Mantener al usuario identificado. As\u00ed, si cierra una sesi\u00f3n, el navegador o el ordenador en otro momento, vuelve a entrar en dicho Servicio, sin tener que identificarse de nuevo. Si el Usuario \u201ccierra sesi\u00f3n\u201d la cookie se elimina, y la siguiente vez tendr\u00e1 que iniciar sesi\u00f3n.<\/li><li>Comprobar que usuario est\u00e1 autorizado al acceso a ciertos Servicios.<\/li><\/ul><\/li><\/ul>\n\n\n\n<p>Algunas webs pueden conectar con redes sociales, como Facebook o Twitter. Si el usuario se logea en un servicio con datos de una red social, est\u00e1 autorizando a dicha red social a guardar una cookie que le recuerde el acceso al servicio hasta que expire. El usuario puede eliminar dicha cookie y anular el acceso a trav\u00e9s de la red social espec\u00edfica, en sus preferencias.<\/p>\n\n\n\n<ul class=\"wp-block-list\"><li><strong>Cookies de anal\u00edtica:<\/strong>&nbsp;se generan cuando un usuario visita una web, con una herramienta de un proveedor externo (Google Analytics, Yahoo Web Analytics, Urchin y similares). La cookie se crea en la visita sirviendo para &nbsp;identificarlo de forma an\u00f3nima. Los objetivos principales son:<ul><li>La Identificaci\u00f3n de los usuarios de forma an\u00f3nima a trav\u00e9s de la cookie (identifica los navegadores y dispositivos) para contabilizar a los visitantes y su tendencia.<\/li><li>Identificar los contenidos m\u00e1s visitados para los usuarios.<\/li><li>Saber si el usuario es nuevo o repite visita.<\/li><\/ul><\/li><\/ul>\n\n\n\n<p>Importante: La \u201ccookie\u201d nunca ir\u00e1 asociada a datos de car\u00e1cter personal, s\u00f3lo se utilizan para que ayuden a la optimizaci\u00f3n de usabilidad del sitio.<\/p>\n","protected":false},"excerpt":{"rendered":"<p>Definici\u00f3n y funci\u00f3n de las cookies&nbsp;Una cookie es un fichero que se&hellip;<\/p>\n","protected":false},"author":1,"featured_media":0,"parent":0,"menu_order":0,"comment_status":"closed","ping_status":"closed","template":"","meta":{"footnotes":""},"class_list":["post-167","page","type-page","status-publish","hentry"],"_links":{"self":[{"href":"https:\/\/naturpes.com\/blog\/wp-json\/wp\/v2\/pages\/167","targetHints":{"allow":["GET"]}}],"collection":[{"href":"https:\/\/naturpes.com\/blog\/wp-json\/wp\/v2\/pages"}],"about":[{"href":"https:\/\/naturpes.com\/blog\/wp-json\/wp\/v2\/types\/page"}],"author":[{"embeddable":true,"href":"https:\/\/naturpes.com\/blog\/wp-json\/wp\/v2\/users\/1"}],"replies":[{"embeddable":true,"href":"https:\/\/naturpes.com\/blog\/wp-json\/wp\/v2\/comments?post=167"}],"version-history":[{"count":1,"href":"https:\/\/naturpes.com\/blog\/wp-json\/wp\/v2\/pages\/167\/revisions"}],"predecessor-version":[{"id":168,"href":"https:\/\/naturpes.com\/blog\/wp-json\/wp\/v2\/pages\/167\/revisions\/168"}],"wp:attachment":[{"href":"https:\/\/naturpes.com\/blog\/wp-json\/wp\/v2\/media?parent=167"}],"curies":[{"name":"wp","href":"https:\/\/api.w.org\/{rel}","templated":true}]}}